{"id":4114,"date":"2025-05-16T09:31:44","date_gmt":"2025-05-16T09:31:44","guid":{"rendered":"https:\/\/www.strandklingan.com\/?page_id=4114"},"modified":"2025-05-16T09:45:50","modified_gmt":"2025-05-16T09:45:50","slug":"artiklar","status":"publish","type":"page","link":"https:\/\/www.strandklingan.com\/en\/artiklar\/","title":{"rendered":"Articles"},"content":{"rendered":"<div data-elementor-type=\"wp-page\" data-elementor-id=\"4114\" class=\"elementor elementor-4114\" data-elementor-post-type=\"page\">\n\t\t\t\t<div class=\"elementor-element elementor-element-521ca52 e-flex e-con-boxed e-con e-parent\" data-id=\"521ca52\" data-element_type=\"container\" data-e-type=\"container\" data-settings=\"{&quot;background_background&quot;:&quot;classic&quot;}\">\n\t\t\t\t\t<div class=\"e-con-inner\">\n\t\t<div class=\"elementor-element elementor-element-fdb065f e-con-full e-flex e-con e-child\" data-id=\"fdb065f\" data-element_type=\"container\" data-e-type=\"container\">\n\t\t\t\t<div class=\"elementor-element elementor-element-0d4d974 elementor-widget elementor-widget-heading\" data-id=\"0d4d974\" data-element_type=\"widget\" data-e-type=\"widget\" data-widget_type=\"heading.default\">\n\t\t\t\t<div class=\"elementor-widget-container\">\n\t\t\t\t\t<h1 class=\"elementor-heading-title elementor-size-default\">Articles<\/h1>\t\t\t\t<\/div>\n\t\t\t\t<\/div>\n\t\t\t\t<\/div>\n\t\t\t\t\t<\/div>\n\t\t\t\t<\/div>\n\t\t<div class=\"elementor-element elementor-element-cb435e7 e-flex e-con-boxed e-con e-parent\" data-id=\"cb435e7\" data-element_type=\"container\" data-e-type=\"container\">\n\t\t\t\t\t<div class=\"e-con-inner\">\n\t\t\t\t<div class=\"elementor-element elementor-element-fd34327 elementor-grid-3 elementor-grid-tablet-2 elementor-grid-mobile-1 elementor-posts--thumbnail-top elementor-widget elementor-widget-posts\" data-id=\"fd34327\" data-element_type=\"widget\" data-e-type=\"widget\" data-settings=\"{&quot;classic_columns&quot;:&quot;3&quot;,&quot;classic_columns_tablet&quot;:&quot;2&quot;,&quot;classic_columns_mobile&quot;:&quot;1&quot;,&quot;classic_row_gap&quot;:{&quot;unit&quot;:&quot;px&quot;,&quot;size&quot;:35,&quot;sizes&quot;:[]},&quot;classic_row_gap_tablet&quot;:{&quot;unit&quot;:&quot;px&quot;,&quot;size&quot;:&quot;&quot;,&quot;sizes&quot;:[]},&quot;classic_row_gap_mobile&quot;:{&quot;unit&quot;:&quot;px&quot;,&quot;size&quot;:&quot;&quot;,&quot;sizes&quot;:[]}}\" data-widget_type=\"posts.classic\">\n\t\t\t\t<div class=\"elementor-widget-container\">\n\t\t\t\t\t\t\t<div class=\"elementor-posts-container elementor-posts elementor-posts--skin-classic elementor-grid\" role=\"list\">\n\t\t\t\t<article class=\"elementor-post elementor-grid-item post-4120 post type-post status-publish format-standard has-post-thumbnail hentry category-okategoriserat\" role=\"listitem\">\n\t\t\t\t<a class=\"elementor-post__thumbnail__link\" href=\"https:\/\/www.strandklingan.com\/en\/valja-ratt-rojsagsklinga-en-guide-till-strandklingans-basta-modeller\/\" tabindex=\"-1\" >\n\t\t\t<div class=\"elementor-post__thumbnail\"><img fetchpriority=\"high\" decoding=\"async\" width=\"1536\" height=\"800\" src=\"https:\/\/www.strandklingan.com\/wp-content\/uploads\/2025\/05\/woodcutrojsagsagklinga-1.jpg\" class=\"attachment-full size-full wp-image-4126\" alt=\"Bild p\u00e5 en r\u00f6js\u00e5gsklinga fr\u00e5n Strandklingan\" srcset=\"https:\/\/www.strandklingan.com\/wp-content\/uploads\/2025\/05\/woodcutrojsagsagklinga-1.jpg 1536w, https:\/\/www.strandklingan.com\/wp-content\/uploads\/2025\/05\/woodcutrojsagsagklinga-1-300x156.jpg 300w, https:\/\/www.strandklingan.com\/wp-content\/uploads\/2025\/05\/woodcutrojsagsagklinga-1-1024x533.jpg 1024w, https:\/\/www.strandklingan.com\/wp-content\/uploads\/2025\/05\/woodcutrojsagsagklinga-1-768x400.jpg 768w, https:\/\/www.strandklingan.com\/wp-content\/uploads\/2025\/05\/woodcutrojsagsagklinga-1-18x9.jpg 18w\" sizes=\"(max-width: 1536px) 100vw, 1536px\" \/><\/div>\n\t\t<\/a>\n\t\t\t\t<div class=\"elementor-post__text\">\n\t\t\t\t<h3 class=\"elementor-post__title\">\n\t\t\t<a href=\"https:\/\/www.strandklingan.com\/en\/valja-ratt-rojsagsklinga-en-guide-till-strandklingans-basta-modeller\/\" >\n\t\t\t\tV\u00e4lja r\u00e4tt r\u00f6js\u00e5gsklinga \u2013 en guide till Strandklingans b\u00e4sta modeller\t\t\t<\/a>\n\t\t<\/h3>\n\t\t\t\t<div class=\"elementor-post__meta-data\">\n\t\t\t\t\t<span class=\"elementor-post-date\">\n\t\t\tMay 16, 2025\t\t<\/span>\n\t\t\t\t<\/div>\n\t\t\n\t\t<a class=\"elementor-post__read-more\" href=\"https:\/\/www.strandklingan.com\/en\/valja-ratt-rojsagsklinga-en-guide-till-strandklingans-basta-modeller\/\" aria-label=\"Read more about V\u00e4lja r\u00e4tt r\u00f6js\u00e5gsklinga \u2013 en guide till Strandklingans b\u00e4sta modeller\" tabindex=\"-1\" >\n\t\t\tL\u00e4s mer \u00bb\t\t<\/a>\n\n\t\t\t\t<\/div>\n\t\t\t\t<\/article>\n\t\t\t\t<article class=\"elementor-post elementor-grid-item post-4047 post type-post status-publish format-standard has-post-thumbnail hentry category-okategoriserat\" role=\"listitem\">\n\t\t\t\t<a class=\"elementor-post__thumbnail__link\" href=\"https:\/\/www.strandklingan.com\/en\/rojsagsklinga-fran-strandklingan\/\" tabindex=\"-1\" >\n\t\t\t<div class=\"elementor-post__thumbnail\"><img decoding=\"async\" width=\"1920\" height=\"500\" src=\"https:\/\/www.strandklingan.com\/wp-content\/uploads\/2025\/01\/rojsagsklinga-strandklingan.jpg\" class=\"attachment-full size-full wp-image-4052\" alt=\"stramdklingan r\u00f6js\u00e5gsklinga\" srcset=\"https:\/\/www.strandklingan.com\/wp-content\/uploads\/2025\/01\/rojsagsklinga-strandklingan.jpg 1920w, https:\/\/www.strandklingan.com\/wp-content\/uploads\/2025\/01\/rojsagsklinga-strandklingan-300x78.jpg 300w, https:\/\/www.strandklingan.com\/wp-content\/uploads\/2025\/01\/rojsagsklinga-strandklingan-1024x267.jpg 1024w, https:\/\/www.strandklingan.com\/wp-content\/uploads\/2025\/01\/rojsagsklinga-strandklingan-768x200.jpg 768w, https:\/\/www.strandklingan.com\/wp-content\/uploads\/2025\/01\/rojsagsklinga-strandklingan-1536x400.jpg 1536w, https:\/\/www.strandklingan.com\/wp-content\/uploads\/2025\/01\/rojsagsklinga-strandklingan-18x5.jpg 18w\" sizes=\"(max-width: 1920px) 100vw, 1920px\" \/><\/div>\n\t\t<\/a>\n\t\t\t\t<div class=\"elementor-post__text\">\n\t\t\t\t<h3 class=\"elementor-post__title\">\n\t\t\t<a href=\"https:\/\/www.strandklingan.com\/en\/rojsagsklinga-fran-strandklingan\/\" >\n\t\t\t\tEffektiv r\u00f6js\u00e5gsklinga fr\u00e5n Strandklingan\t\t\t<\/a>\n\t\t<\/h3>\n\t\t\t\t<div class=\"elementor-post__meta-data\">\n\t\t\t\t\t<span class=\"elementor-post-date\">\n\t\t\tJanuary 30, 2025\t\t<\/span>\n\t\t\t\t<\/div>\n\t\t\n\t\t<a class=\"elementor-post__read-more\" href=\"https:\/\/www.strandklingan.com\/en\/rojsagsklinga-fran-strandklingan\/\" aria-label=\"Read more about Effektiv r\u00f6js\u00e5gsklinga fr\u00e5n Strandklingan\" tabindex=\"-1\" >\n\t\t\tL\u00e4s mer \u00bb\t\t<\/a>\n\n\t\t\t\t<\/div>\n\t\t\t\t<\/article>\n\t\t\t\t<article class=\"elementor-post elementor-grid-item post-3623 post type-post status-publish format-standard has-post-thumbnail hentry category-okategoriserat\" role=\"listitem\">\n\t\t\t\t<a class=\"elementor-post__thumbnail__link\" href=\"https:\/\/www.strandklingan.com\/en\/provkorning-stihl-wood-cut-strandklingan\/\" tabindex=\"-1\" >\n\t\t\t<div class=\"elementor-post__thumbnail\"><img decoding=\"async\" width=\"1920\" height=\"1000\" src=\"https:\/\/www.strandklingan.com\/wp-content\/uploads\/2025\/08\/rojsagsklinga-strand-klingan.jpg\" class=\"attachment-full size-full wp-image-4158\" alt=\"Person i s\u00e4kerhetsutrustning som anv\u00e4nder en Stihl r\u00f6jsax i ett skogsomr\u00e5de.\" srcset=\"https:\/\/www.strandklingan.com\/wp-content\/uploads\/2025\/08\/rojsagsklinga-strand-klingan.jpg 1920w, https:\/\/www.strandklingan.com\/wp-content\/uploads\/2025\/08\/rojsagsklinga-strand-klingan-300x156.jpg 300w, https:\/\/www.strandklingan.com\/wp-content\/uploads\/2025\/08\/rojsagsklinga-strand-klingan-1024x533.jpg 1024w, https:\/\/www.strandklingan.com\/wp-content\/uploads\/2025\/08\/rojsagsklinga-strand-klingan-768x400.jpg 768w, https:\/\/www.strandklingan.com\/wp-content\/uploads\/2025\/08\/rojsagsklinga-strand-klingan-1536x800.jpg 1536w, https:\/\/www.strandklingan.com\/wp-content\/uploads\/2025\/08\/rojsagsklinga-strand-klingan-18x9.jpg 18w\" sizes=\"(max-width: 1920px) 100vw, 1920px\" \/><\/div>\n\t\t<\/a>\n\t\t\t\t<div class=\"elementor-post__text\">\n\t\t\t\t<h3 class=\"elementor-post__title\">\n\t\t\t<a href=\"https:\/\/www.strandklingan.com\/en\/provkorning-stihl-wood-cut-strandklingan\/\" >\n\t\t\t\tTest drive Stihl Wood Cut\/Strandklingan\t\t\t<\/a>\n\t\t<\/h3>\n\t\t\t\t<div class=\"elementor-post__meta-data\">\n\t\t\t\t\t<span class=\"elementor-post-date\">\n\t\t\tSeptember 4, 2018\t\t<\/span>\n\t\t\t\t<\/div>\n\t\t\n\t\t<a class=\"elementor-post__read-more\" href=\"https:\/\/www.strandklingan.com\/en\/provkorning-stihl-wood-cut-strandklingan\/\" aria-label=\"Read more about Provk\u00f6rning Stihl Wood Cut\/Strandklingan\" tabindex=\"-1\" >\n\t\t\tL\u00e4s mer \u00bb\t\t<\/a>\n\n\t\t\t\t<\/div>\n\t\t\t\t<\/article>\n\t\t\t\t<\/div>\n\t\t\n\t\t\t\t\t\t<\/div>\n\t\t\t\t<\/div>\n\t\t\t\t\t<\/div>\n\t\t\t\t<\/div>\n\t\t\t\t<\/div>","protected":false},"excerpt":{"rendered":"<p>Articles<\/p>","protected":false},"author":2,"featured_media":0,"parent":0,"menu_order":0,"comment_status":"closed","ping_status":"closed","template":"","meta":{"site-sidebar-layout":"no-sidebar","site-content-layout":"page-builder","ast-site-content-layout":"full-width-container","site-content-style":"default","site-sidebar-style":"default","ast-global-header-display":"","ast-banner-title-visibility":"","ast-main-header-display":"","ast-hfb-above-header-display":"","ast-hfb-below-header-display":"","ast-hfb-mobile-header-display":"","site-post-title":"disabled","ast-breadcrumbs-content":"","ast-featured-img":"disabled","footer-sml-layout":"","ast-disable-related-posts":"","theme-transparent-header-meta":"","adv-header-id-meta":"","stick-header-meta":"","header-above-stick-meta":"","header-main-stick-meta":"","header-below-stick-meta":"","astra-migrate-meta-layouts":"set","ast-page-background-enabled":"default","ast-page-background-meta":{"desktop":{"background-color":"var(--ast-global-color-4)","background-image":"","background-repeat":"repeat","background-position":"center center","background-size":"auto","background-attachment":"scroll","background-type":"","background-media":"","overlay-type":"","overlay-color":"","overlay-opacity":"","overlay-gradient":""},"tablet":{"background-color":"","background-image":"","background-repeat":"repeat","background-position":"center center","background-size":"auto","background-attachment":"scroll","background-type":"","background-media":"","overlay-type":"","overlay-color":"","overlay-opacity":"","overlay-gradient":""},"mobile":{"background-color":"","background-image":"","background-repeat":"repeat","background-position":"center center","background-size":"auto","background-attachment":"scroll","background-type":"","background-media":"","overlay-type":"","overlay-color":"","overlay-opacity":"","overlay-gradient":""}},"ast-content-background-meta":{"desktop":{"background-color":"var(--ast-global-color-5)","background-image":"","background-repeat":"repeat","background-position":"center center","background-size":"auto","background-attachment":"scroll","background-type":"","background-media":"","overlay-type":"","overlay-color":"","overlay-opacity":"","overlay-gradient":""},"tablet":{"background-color":"var(--ast-global-color-5)","background-image":"","background-repeat":"repeat","background-position":"center center","background-size":"auto","background-attachment":"scroll","background-type":"","background-media":"","overlay-type":"","overlay-color":"","overlay-opacity":"","overlay-gradient":""},"mobile":{"background-color":"var(--ast-global-color-5)","background-image":"","background-repeat":"repeat","background-position":"center center","background-size":"auto","background-attachment":"scroll","background-type":"","background-media":"","overlay-type":"","overlay-color":"","overlay-opacity":"","overlay-gradient":""}},"footnotes":""},"class_list":["post-4114","page","type-page","status-publish","hentry"],"_links":{"self":[{"href":"https:\/\/www.strandklingan.com\/en\/wp-json\/wp\/v2\/pages\/4114","targetHints":{"allow":["GET"]}}],"collection":[{"href":"https:\/\/www.strandklingan.com\/en\/wp-json\/wp\/v2\/pages"}],"about":[{"href":"https:\/\/www.strandklingan.com\/en\/wp-json\/wp\/v2\/types\/page"}],"author":[{"embeddable":true,"href":"https:\/\/www.strandklingan.com\/en\/wp-json\/wp\/v2\/users\/2"}],"replies":[{"embeddable":true,"href":"https:\/\/www.strandklingan.com\/en\/wp-json\/wp\/v2\/comments?post=4114"}],"version-history":[{"count":5,"href":"https:\/\/www.strandklingan.com\/en\/wp-json\/wp\/v2\/pages\/4114\/revisions"}],"predecessor-version":[{"id":4124,"href":"https:\/\/www.strandklingan.com\/en\/wp-json\/wp\/v2\/pages\/4114\/revisions\/4124"}],"wp:attachment":[{"href":"https:\/\/www.strandklingan.com\/en\/wp-json\/wp\/v2\/media?parent=4114"}],"curies":[{"name":"wp","href":"https:\/\/api.w.org\/{rel}","templated":true}]}}